{"id":46,"date":"2024-01-07T11:04:26","date_gmt":"2024-01-07T11:04:26","guid":{"rendered":"https:\/\/kaarinamusic.com\/?page_id=46"},"modified":"2026-02-13T11:09:34","modified_gmt":"2026-02-13T11:09:34","slug":"leirin-esittely","status":"publish","type":"page","link":"https:\/\/kaarinamusic.com\/index.php\/leirin-esittely\/","title":{"rendered":"Leirin esittely"},"content":{"rendered":"<p data-path-to-node=\"7\"><b data-path-to-node=\"7\" data-index-in-node=\"0\">Suomen nuorten orkesterimuusikoiden tuki ry (SNOT)<\/b> on j\u00e4rjest\u00e4nyt Kaarinan musiikkiviikon leiri\u00e4 vuodesta 2017 alkaen.<br \/>\nYhdistyksen taustalla vaikuttaa kolme kokenutta musiikin ammattilaista: hallituksesta ja leirin j\u00e4rjestelyist\u00e4 vastaavat huilisti <b data-path-to-node=\"7\" data-index-in-node=\"249\">Anne-Mari Vainio<\/b>, harpisti <b data-path-to-node=\"7\" data-index-in-node=\"276\">Pauliina Kallio<\/b> sek\u00e4 viulisti ja kapellimestari <b data-path-to-node=\"7\" data-index-in-node=\"324\">Mikk Murdvee<\/b>.<\/p>\n<p data-path-to-node=\"8\">Leiri toteutetaan tiiviiss\u00e4 yhteisty\u00f6ss\u00e4 Kaarinan kaupungin ja seurakunnan kanssa. Kumppaniemme tarjoamat puitteet ja konserttitilat mahdollistavat korkeatasoisen tapahtuman toteutumisen joka kes\u00e4.<br \/>\nKes\u00e4n 2026 leiri saa uuden kodin modernilta <b data-path-to-node=\"8\" data-index-in-node=\"242\">Valkeavuoren koulukampukselta<\/b>. Musiikkiviikon konsertit soivat lis\u00e4ksi Kaarina-talossa, Kaarinan ja Kuusiston kirkoissa sek\u00e4 tunnelmallisilla Kuusiston piispanlinnanraunioilla.<\/p>\n<p data-path-to-node=\"9\"><b data-path-to-node=\"9\" data-index-in-node=\"0\">Opetus ja ohjelma<\/b> Leirin opetushenkil\u00f6kunta koostuu vuosittain noin 20 maamme eturivin muusikosta ja pedagogista. Painopisteen\u00e4 on orkesteri- ja yhteissoitto, ja jokaiselle soitinryhm\u00e4lle tarjotaankin stemma- ja ryhm\u00e4harjoituksia sek\u00e4 kamarimusiikkia. Opettajat ovat l\u00e4sn\u00e4 ja ohjaavat oppilaita my\u00f6s orkesteriharjoituksissa. Leirill\u00e4 toimivat:<\/p>\n<ul data-path-to-node=\"10\">\n<li>\n<p data-path-to-node=\"10,0,0\">T\u00e4ysimittainen sinfoniaorkesteri<\/p>\n<\/li>\n<li>\n<p data-path-to-node=\"10,1,0\">Sinfoninen puhallinorkesteri<\/p>\n<\/li>\n<li>\n<p data-path-to-node=\"10,2,0\">Nuorempien soittajien jousi- ja puhallinorkesterit<\/p>\n<\/li>\n<\/ul>\n<p data-path-to-node=\"11\">Yhteissoiton ohella jokainen leiril\u00e4inen saa p\u00e4ivitt\u00e4in yksityisopetusta omalla soittimellaan ja p\u00e4\u00e4see esiintym\u00e4\u00e4n oppilaskonserteissa pianistin s\u00e4est\u00e4m\u00e4n\u00e4 sek\u00e4 p\u00e4\u00e4see kuuntelemaan kaikkia konsertteja.<\/p>\n<p data-path-to-node=\"12\"><b data-path-to-node=\"12\" data-index-in-node=\"0\">Konserttit\u00e4yteinen viikko<\/b> Musiikkiviikko tarjoaa el\u00e4myksi\u00e4 sek\u00e4 oppilaille ett\u00e4 yleis\u00f6lle p\u00e4ivitt\u00e4in:<\/p>\n<ul data-path-to-node=\"13\">\n<li>\n<p data-path-to-node=\"13,0,0\"><b data-path-to-node=\"13,0,0\" data-index-in-node=\"0\">Maanantai:<\/b> Leirin avajaiset<\/p>\n<\/li>\n<li>\n<p data-path-to-node=\"13,1,0\"><b data-path-to-node=\"13,1,0\" data-index-in-node=\"0\">Tiistai &amp; Keskiviikko:<\/b> Opettajien omat konsertit<\/p>\n<\/li>\n<li>\n<p data-path-to-node=\"13,2,0\"><b data-path-to-node=\"13,2,0\" data-index-in-node=\"0\">Torstai &amp; Perjantai:<\/b> Oppilaiden taiturointia lavalla<\/p>\n<\/li>\n<li>\n<p data-path-to-node=\"13,3,0\"><b data-path-to-node=\"13,3,0\" data-index-in-node=\"0\">Lauantai:<\/b> Sinfonia- ja jousiorkesterien konsertit<\/p>\n<\/li>\n<li>\n<p data-path-to-node=\"13,4,0\"><b data-path-to-node=\"13,4,0\" data-index-in-node=\"0\">Sunnuntai:<\/b> Koko leirin suuri p\u00e4\u00e4t\u00f6skonsertti<\/p>\n<\/li>\n<\/ul>\n<p data-path-to-node=\"14\">L\u00e4mpim\u00e4sti tervetuloa nauttimaan musiikin ilosta ja kes\u00e4isest\u00e4 Kaarinasta!<\/p>\n","protected":false},"excerpt":{"rendered":"<p>Suomen nuorten orkesterimuusikoiden tuki ry (SNOT) on j\u00e4rjest\u00e4nyt Kaarinan musiikkiviikon leiri\u00e4 vuodesta 2017 alkaen. Yhdistyksen taustalla vaikuttaa kolme kokenutta musiikin ammattilaista: hallituksesta ja leirin j\u00e4rjestelyist\u00e4 vastaavat huilisti Anne-Mari Vainio, harpisti Pauliina Kallio sek\u00e4 viulisti ja kapellimestari Mikk Murdvee. Leiri toteutetaan tiiviiss\u00e4 yhteisty\u00f6ss\u00e4 Kaarinan kaupungin ja seurakunnan kanssa. Kumppaniemme tarjoamat puitteet ja konserttitilat mahdollistavat korkeatasoisen tapahtuman toteutumisen joka kes\u00e4. Kes\u00e4n 2026 leiri saa uuden kodin modernilta Valkeavuoren koulukampukselta. Musiikkiviikon konsertit soivat lis\u00e4ksi Kaarina-talossa, Kaarinan ja Kuusiston kirkoissa sek\u00e4 tunnelmallisilla Kuusiston piispanlinnanraunioilla. Opetus ja ohjelma Leirin opetushenkil\u00f6kunta koostuu vuosittain noin 20 maamme eturivin muusikosta ja pedagogista. Painopisteen\u00e4 on orkesteri- ja yhteissoitto, ja jokaiselle soitinryhm\u00e4lle tarjotaankin stemma- ja ryhm\u00e4harjoituksia sek\u00e4 kamarimusiikkia. Opettajat ovat l\u00e4sn\u00e4 ja ohjaavat oppilaita my\u00f6s orkesteriharjoituksissa. Leirill\u00e4 toimivat: T\u00e4ysimittainen sinfoniaorkesteri Sinfoninen puhallinorkesteri Nuorempien soittajien jousi- ja puhallinorkesterit Yhteissoiton ohella jokainen leiril\u00e4inen saa p\u00e4ivitt\u00e4in yksityisopetusta omalla soittimellaan ja p\u00e4\u00e4see esiintym\u00e4\u00e4n oppilaskonserteissa pianistin s\u00e4est\u00e4m\u00e4n\u00e4 sek\u00e4 p\u00e4\u00e4see kuuntelemaan kaikkia konsertteja. Konserttit\u00e4yteinen viikko Musiikkiviikko tarjoaa el\u00e4myksi\u00e4 sek\u00e4 oppilaille ett\u00e4 yleis\u00f6lle p\u00e4ivitt\u00e4in: Maanantai: Leirin avajaiset Tiistai &amp; Keskiviikko: Opettajien omat konsertit Torstai &amp; Perjantai: Oppilaiden taiturointia lavalla Lauantai: Sinfonia- ja jousiorkesterien konsertit Sunnuntai: Koko leirin suuri p\u00e4\u00e4t\u00f6skonsertti L\u00e4mpim\u00e4sti tervetuloa nauttimaan musiikin ilosta ja kes\u00e4isest\u00e4 Kaarinasta!<\/p>\n","protected":false},"author":2,"featured_media":0,"parent":0,"menu_order":0,"comment_status":"closed","ping_status":"closed","template":"","meta":{"footnotes":""},"class_list":["post-46","page","type-page","status-publish","hentry"],"_links":{"self":[{"href":"https:\/\/kaarinamusic.com\/index.php\/wp-json\/wp\/v2\/pages\/46","targetHints":{"allow":["GET"]}}],"collection":[{"href":"https:\/\/kaarinamusic.com\/index.php\/wp-json\/wp\/v2\/pages"}],"about":[{"href":"https:\/\/kaarinamusic.com\/index.php\/wp-json\/wp\/v2\/types\/page"}],"author":[{"embeddable":true,"href":"https:\/\/kaarinamusic.com\/index.php\/wp-json\/wp\/v2\/users\/2"}],"replies":[{"embeddable":true,"href":"https:\/\/kaarinamusic.com\/index.php\/wp-json\/wp\/v2\/comments?post=46"}],"version-history":[{"count":11,"href":"https:\/\/kaarinamusic.com\/index.php\/wp-json\/wp\/v2\/pages\/46\/revisions"}],"predecessor-version":[{"id":539,"href":"https:\/\/kaarinamusic.com\/index.php\/wp-json\/wp\/v2\/pages\/46\/revisions\/539"}],"wp:attachment":[{"href":"https:\/\/kaarinamusic.com\/index.php\/wp-json\/wp\/v2\/media?parent=46"}],"curies":[{"name":"wp","href":"https:\/\/api.w.org\/{rel}","templated":true}]}}