{"id":49,"date":"2024-01-07T11:04:54","date_gmt":"2024-01-07T11:04:54","guid":{"rendered":"https:\/\/kaarinamusic.com\/?page_id=49"},"modified":"2026-04-13T14:13:32","modified_gmt":"2026-04-13T14:13:32","slug":"opettajat","status":"publish","type":"page","link":"https:\/\/kaarinamusic.com\/index.php\/opettajat\/","title":{"rendered":"Opettajat"},"content":{"rendered":"<h3>Huilu: <a href=\"https:\/\/kaarinamusic.com\/index.php\/opettajat\/anne-mari-vainio-huilu\/\">Anne-Mari Vainio<\/a><br \/>\nOboe: <a href=\"https:\/\/kaarinamusic.com\/index.php\/opettajat\/veera-pesu-oboe\/\">Veera Pesu<\/a><br \/>\nKlarinetti: <a href=\"https:\/\/kaarinamusic.com\/index.php\/opettajat\/tuulia-ylonen-klarinetti\/\">Tuulia Yl\u00f6nen<\/a><br \/>\nSaksofoni: <a href=\"https:\/\/kaarinamusic.com\/index.php\/opettajat\/olli-pekka-tuomisalo-saksofoni\/\">Olli-Pekka Tuomisalo<\/a><br \/>\nFagotti: <a href=\"https:\/\/kaarinamusic.com\/index.php\/opettajat\/avoin-fagotti\/\">Jaakko Luoma<\/a><br \/>\nK\u00e4yr\u00e4torvi: <a href=\"https:\/\/kaarinamusic.com\/index.php\/opettajat\/jouni-suuronen-kayratorvi\/\">Jouni Suuronen<\/a><br \/>\nTrumpetti: <a href=\"https:\/\/kaarinamusic.com\/index.php\/opettajat\/anna-leena-lumme-trumpetti-ja-a-puhallinorkesteri\/\">Anna-Leena Lumme<\/a><br \/>\nPasuuna: <a href=\"https:\/\/kaarinamusic.com\/index.php\/opettajat\/pasuuna\/\">Teemu Salmi<\/a><br \/>\nTuuba: <a href=\"https:\/\/kaarinamusic.com\/index.php\/opettajat\/mikko-marttila-tuuba\/\">Mikko Marttila<\/a><br \/>\nLeirin kamaripianisti: <a href=\"https:\/\/kaarinamusic.com\/index.php\/opettajat\/paavo-maijala-saestys-piano\/\">Paavo Maijala<\/a><br \/>\nLy\u00f6m\u00e4soittimet: <a href=\"https:\/\/kaarinamusic.com\/index.php\/opettajat\/niko-ronimus-lyomasoittimet\/\">Niko Ronimus<\/a><br \/>\nHarppu: <a href=\"https:\/\/kaarinamusic.com\/index.php\/opettajat\/pauliina-kallio-harppu\/\">Pauliina Kallio<\/a><br \/>\nViulu: <a href=\"https:\/\/kaarinamusic.com\/index.php\/opettajat\/jaanaholopainen-viulu\/\">Jaana Holopainen<\/a>, <a href=\"https:\/\/kaarinamusic.com\/index.php\/opettajat\/mikk-murdvee-viulu-ja-sinfoniaorkesteri\/\">Mikk Murdvee<\/a>, <a href=\"https:\/\/kaarinamusic.com\/index.php\/opettajat\/juha-pekka-vikman-viulu\/\">Juha-Pekka Vikman<\/a><br \/>\nAlttoviulu: <a href=\"https:\/\/kaarinamusic.com\/index.php\/opettajat\/matleena-vehmaa-alttoviulu\/\">Tina Br\u00e4nnk\u00e4rr<\/a><br \/>\nSello: <a href=\"https:\/\/kaarinamusic.com\/index.php\/opettajat\/erkki-lahesmaa-sello\/\">Erkki Lahesmaa<\/a>, <a href=\"https:\/\/kaarinamusic.com\/index.php\/opettajat\/eeva-rysa-sello\/\">Eeva Rys\u00e4<\/a><br \/>\nKontrabasso: <a href=\"https:\/\/kaarinamusic.com\/index.php\/opettajat\/tarja-nyberg-kontrabasso\/\">Tarja Nyberg<\/a><\/h3>\n<h3>Sinfoniaorkesteri: <a href=\"https:\/\/kaarinamusic.com\/index.php\/opettajat\/mikk-murdvee-viulu-ja-sinfoniaorkesteri\/\">Mikk Murdvee<\/a><br \/>\nA-puhallinorkesteri: <a href=\"https:\/\/kaarinamusic.com\/index.php\/opettajat\/anna-leena-lumme-trumpetti-ja-a-puhallinorkesteri\/\">Anna-Leena Lumme<\/a><br \/>\nB-puhallinorkesteri: <a href=\"https:\/\/kaarinamusic.com\/index.php\/opettajat\/mikko-marttila-tuuba\/\">Mikko Marttila<\/a><br \/>\nJousiorkesteri: <a href=\"https:\/\/kaarinamusic.com\/index.php\/opettajat\/tarja-nyberg-kontrabasso\/\">Tarja Nyberg<\/a><\/h3>\n","protected":false},"excerpt":{"rendered":"<p>Huilu: Anne-Mari Vainio Oboe: Veera Pesu Klarinetti: Tuulia Yl\u00f6nen Saksofoni: Olli-Pekka Tuomisalo Fagotti: Jaakko Luoma K\u00e4yr\u00e4torvi: Jouni Suuronen Trumpetti: Anna-Leena Lumme Pasuuna: Teemu Salmi Tuuba: Mikko Marttila Leirin kamaripianisti: Paavo Maijala Ly\u00f6m\u00e4soittimet: Niko Ronimus Harppu: Pauliina Kallio Viulu: Jaana Holopainen, Mikk Murdvee, Juha-Pekka Vikman Alttoviulu: Tina Br\u00e4nnk\u00e4rr Sello: Erkki Lahesmaa, Eeva Rys\u00e4 Kontrabasso: Tarja Nyberg Sinfoniaorkesteri: Mikk Murdvee A-puhallinorkesteri: Anna-Leena Lumme B-puhallinorkesteri: Mikko Marttila Jousiorkesteri: Tarja Nyberg<\/p>\n","protected":false},"author":2,"featured_media":0,"parent":0,"menu_order":0,"comment_status":"closed","ping_status":"closed","template":"","meta":{"footnotes":""},"class_list":["post-49","page","type-page","status-publish","hentry"],"_links":{"self":[{"href":"https:\/\/kaarinamusic.com\/index.php\/wp-json\/wp\/v2\/pages\/49","targetHints":{"allow":["GET"]}}],"collection":[{"href":"https:\/\/kaarinamusic.com\/index.php\/wp-json\/wp\/v2\/pages"}],"about":[{"href":"https:\/\/kaarinamusic.com\/index.php\/wp-json\/wp\/v2\/types\/page"}],"author":[{"embeddable":true,"href":"https:\/\/kaarinamusic.com\/index.php\/wp-json\/wp\/v2\/users\/2"}],"replies":[{"embeddable":true,"href":"https:\/\/kaarinamusic.com\/index.php\/wp-json\/wp\/v2\/comments?post=49"}],"version-history":[{"count":33,"href":"https:\/\/kaarinamusic.com\/index.php\/wp-json\/wp\/v2\/pages\/49\/revisions"}],"predecessor-version":[{"id":570,"href":"https:\/\/kaarinamusic.com\/index.php\/wp-json\/wp\/v2\/pages\/49\/revisions\/570"}],"wp:attachment":[{"href":"https:\/\/kaarinamusic.com\/index.php\/wp-json\/wp\/v2\/media?parent=49"}],"curies":[{"name":"wp","href":"https:\/\/api.w.org\/{rel}","templated":true}]}}