{"id":52,"date":"2024-01-07T11:05:22","date_gmt":"2024-01-07T11:05:22","guid":{"rendered":"https:\/\/kaarinamusic.com\/?page_id=52"},"modified":"2026-02-01T08:10:28","modified_gmt":"2026-02-01T08:10:28","slug":"ilmoittautuminen","status":"publish","type":"page","link":"https:\/\/kaarinamusic.com\/","title":{"rendered":"Ilmoittautuminen ja hinnasto"},"content":{"rendered":"<div class=\"post-content\">\n<p><strong><img loading=\"lazy\" decoding=\"async\" class=\"aligncenter size-full wp-image-334\" src=\"https:\/\/kaarinamusic.com\/wp-content\/uploads\/2024\/01\/musiikkiviikko_logo.jpg\" alt=\"\" width=\"1000\" height=\"500\" srcset=\"https:\/\/kaarinamusic.com\/wp-content\/uploads\/2024\/01\/musiikkiviikko_logo.jpg 1000w, https:\/\/kaarinamusic.com\/wp-content\/uploads\/2024\/01\/musiikkiviikko_logo-300x150.jpg 300w, https:\/\/kaarinamusic.com\/wp-content\/uploads\/2024\/01\/musiikkiviikko_logo-768x384.jpg 768w\" sizes=\"auto, (max-width: 1000px) 100vw, 1000px\" \/>HINNASTO:<\/strong><\/p>\n<div dir=\"ltr\">\n<div>T\u00e4ysihoito\u00a0 \u00a0 \u00a0 \u00a0 \u00a0 \u00a0 \u00a0 \u00a0 \u00a0 \u00a0 \u00a0soittotunti 30min\/pv<strong>\u00a0 \u00a0 410\u20ac<\/strong><\/div>\n<div>T\u00e4ysihoito\u00a0 \u00a0 \u00a0 \u00a0 \u00a0 \u00a0 \u00a0 \u00a0 \u00a0 \u00a0 \u00a0soittotunti 45min\/pv<strong>\u00a0 \u00a0 500\u20ac<\/strong><\/div>\n<div>P\u00e4iv\u00e4oppilas\u00a0\u00a0\u00a0\u00a0\u00a0\u00a0\u00a0\u00a0\u00a0\u00a0\u00a0\u00a0\u00a0\u00a0\u00a0\u00a0 soittotunti 30min\/pv<strong> \u00a0\u00a0 230\u20ac<\/strong><\/div>\n<\/div>\n<\/div>\n<div dir=\"ltr\">P\u00e4iv\u00e4oppilas\u00a0\u00a0\u00a0\u00a0\u00a0\u00a0\u00a0\u00a0\u00a0\u00a0\u00a0\u00a0\u00a0\u00a0\u00a0\u00a0 soittotunti 45min\/pv<strong>\u00a0 \u00a0 310\u20ac<\/strong><\/div>\n<div dir=\"ltr\">Sivusoitin\u00a0\u00a0\u00a0\u00a0\u00a0\u00a0\u00a0\u00a0\u00a0\u00a0\u00a0\u00a0\u00a0\u00a0\u00a0\u00a0\u00a0\u00a0\u00a0\u00a0\u00a0 soittotunti 30min\/pv<strong> \u00a0\u00a0 150\u20ac<\/strong><\/div>\n<h3 dir=\"ltr\"><\/h3>\n<div dir=\"ltr\"><em>T\u00e4ysihoito sis\u00e4lt\u00e4\u00e4 ruokailut, majoituksen, soittotunnit ja orkesterit. P\u00e4iv\u00e4oppilaan hintaan sis\u00e4ltyy soittotunnit ja orkesterit &#8211; ruokailut sovitaan erikseen. Ilmoittautumisen yhteydess\u00e4 maksetaan 50 euron varausmaksu &#8211; leiril\u00e4isen peruessa leirin, varausmaksu palautetaan ainoastaan sairastumisen vuoksi.<\/em><\/div>\n<p>&nbsp;<\/p>\n<div dir=\"ltr\"><strong>ILMOITTAUDU ALLA OLEVASTA LINKIST\u00c4:<\/strong><\/div>\n<div dir=\"ltr\"><\/div>\n<h3 dir=\"ltr\"><a href=\"https:\/\/kaarinamusicweek.tapahtumiin.fi\/fi\/\">https:\/\/kaarinamusicweek.tapahtumiin.fi\/fi\/<\/a><\/h3>\n<p>&nbsp;<\/p>\n<p>&nbsp;<\/p>\n<div dir=\"ltr\"><\/div>\n<div dir=\"ltr\"><em>Majoitus tapahtuu koululuokissa. Leirilt\u00e4 saa patjan, leiril\u00e4inen tuo mukanaan muut petivaatteet. Koulumajoituksessa paikalla on joka y\u00f6 koko y\u00f6n -valvojat, jotka pit\u00e4v\u00e4t huolen majoittujista. Leirill\u00e4 vapaa-ajan ohjaaja j\u00e4rjest\u00e4\u00e4 leiril\u00e4isille tekemist\u00e4. Uimareissuja, elokuvailtoja, s\u00e4\u00e4n mukaista tekemist\u00e4 ulkona ja sis\u00e4ll\u00e4<\/em><\/div>\n","protected":false},"excerpt":{"rendered":"<p>HINNASTO: T\u00e4ysihoito\u00a0 \u00a0 \u00a0 \u00a0 \u00a0 \u00a0 \u00a0 \u00a0 \u00a0 \u00a0 \u00a0soittotunti 30min\/pv\u00a0 \u00a0 410\u20ac T\u00e4ysihoito\u00a0 \u00a0 \u00a0 \u00a0 \u00a0 \u00a0 \u00a0 \u00a0 \u00a0 \u00a0 \u00a0soittotunti 45min\/pv\u00a0 \u00a0 500\u20ac P\u00e4iv\u00e4oppilas\u00a0\u00a0\u00a0\u00a0\u00a0\u00a0\u00a0\u00a0\u00a0\u00a0\u00a0\u00a0\u00a0\u00a0\u00a0\u00a0 soittotunti 30min\/pv \u00a0\u00a0 230\u20ac P\u00e4iv\u00e4oppilas\u00a0\u00a0\u00a0\u00a0\u00a0\u00a0\u00a0\u00a0\u00a0\u00a0\u00a0\u00a0\u00a0\u00a0\u00a0\u00a0 soittotunti 45min\/pv\u00a0 \u00a0 310\u20ac Sivusoitin\u00a0\u00a0\u00a0\u00a0\u00a0\u00a0\u00a0\u00a0\u00a0\u00a0\u00a0\u00a0\u00a0\u00a0\u00a0\u00a0\u00a0\u00a0\u00a0\u00a0\u00a0 soittotunti 30min\/pv \u00a0\u00a0 150\u20ac T\u00e4ysihoito sis\u00e4lt\u00e4\u00e4 ruokailut, majoituksen, soittotunnit ja orkesterit. P\u00e4iv\u00e4oppilaan hintaan sis\u00e4ltyy soittotunnit ja orkesterit &#8211; ruokailut sovitaan erikseen. Ilmoittautumisen yhteydess\u00e4 maksetaan 50 euron varausmaksu &#8211; leiril\u00e4isen peruessa leirin, varausmaksu palautetaan ainoastaan sairastumisen vuoksi. &nbsp; ILMOITTAUDU ALLA OLEVASTA LINKIST\u00c4: https:\/\/kaarinamusicweek.tapahtumiin.fi\/fi\/ &nbsp; &nbsp; Majoitus tapahtuu koululuokissa. Leirilt\u00e4 saa patjan, leiril\u00e4inen tuo mukanaan muut petivaatteet. Koulumajoituksessa paikalla on joka y\u00f6 koko y\u00f6n -valvojat, jotka pit\u00e4v\u00e4t huolen majoittujista. Leirill\u00e4 vapaa-ajan ohjaaja j\u00e4rjest\u00e4\u00e4 leiril\u00e4isille tekemist\u00e4. Uimareissuja, elokuvailtoja, s\u00e4\u00e4n mukaista tekemist\u00e4 ulkona ja sis\u00e4ll\u00e4<\/p>\n","protected":false},"author":2,"featured_media":0,"parent":0,"menu_order":0,"comment_status":"closed","ping_status":"closed","template":"","meta":{"footnotes":""},"class_list":["post-52","page","type-page","status-publish","hentry"],"_links":{"self":[{"href":"https:\/\/kaarinamusic.com\/index.php\/wp-json\/wp\/v2\/pages\/52","targetHints":{"allow":["GET"]}}],"collection":[{"href":"https:\/\/kaarinamusic.com\/index.php\/wp-json\/wp\/v2\/pages"}],"about":[{"href":"https:\/\/kaarinamusic.com\/index.php\/wp-json\/wp\/v2\/types\/page"}],"author":[{"embeddable":true,"href":"https:\/\/kaarinamusic.com\/index.php\/wp-json\/wp\/v2\/users\/2"}],"replies":[{"embeddable":true,"href":"https:\/\/kaarinamusic.com\/index.php\/wp-json\/wp\/v2\/comments?post=52"}],"version-history":[{"count":16,"href":"https:\/\/kaarinamusic.com\/index.php\/wp-json\/wp\/v2\/pages\/52\/revisions"}],"predecessor-version":[{"id":528,"href":"https:\/\/kaarinamusic.com\/index.php\/wp-json\/wp\/v2\/pages\/52\/revisions\/528"}],"wp:attachment":[{"href":"https:\/\/kaarinamusic.com\/index.php\/wp-json\/wp\/v2\/media?parent=52"}],"curies":[{"name":"wp","href":"https:\/\/api.w.org\/{rel}","templated":true}]}}