{"id":55,"date":"2024-01-07T11:05:43","date_gmt":"2024-01-07T11:05:43","guid":{"rendered":"https:\/\/kaarinamusic.com\/?page_id=55"},"modified":"2026-02-14T08:50:42","modified_gmt":"2026-02-14T08:50:42","slug":"konsertit","status":"publish","type":"page","link":"https:\/\/kaarinamusic.com\/index.php\/31-2\/konsertit\/","title":{"rendered":"Konsertit"},"content":{"rendered":"<h2>Tiistai 2.6.<br \/>\nOpettajien kamarimusiikkikonsertti<\/h2>\n<h2>Keskiviikko 3.6.<br \/>\nOpettajien kamarimusiikkikonsertti<\/h2>\n<h2>Torstai 4.6.<br \/>\nOppilaskonsertteja<\/h2>\n<h2>Perjantai 5.6.<br \/>\nOppilaskonsertteja<\/h2>\n<h2>Lauantai 6.6.<br \/>\nLeirin sinfoniaorkesterin ja jousiorkesterin konsertti<\/h2>\n<h2>Sunnuntai 7.6.<br \/>\nLeirin p\u00e4\u00e4t\u00f6skonsertti<\/h2>\n","protected":false},"excerpt":{"rendered":"<p>Tiistai 2.6. Opettajien kamarimusiikkikonsertti Keskiviikko 3.6. Opettajien kamarimusiikkikonsertti Torstai 4.6. Oppilaskonsertteja Perjantai 5.6. Oppilaskonsertteja Lauantai 6.6. Leirin sinfoniaorkesterin ja jousiorkesterin konsertti Sunnuntai 7.6. Leirin p\u00e4\u00e4t\u00f6skonsertti<\/p>\n","protected":false},"author":2,"featured_media":0,"parent":31,"menu_order":0,"comment_status":"closed","ping_status":"closed","template":"","meta":{"footnotes":""},"class_list":["post-55","page","type-page","status-publish","hentry"],"_links":{"self":[{"href":"https:\/\/kaarinamusic.com\/index.php\/wp-json\/wp\/v2\/pages\/55","targetHints":{"allow":["GET"]}}],"collection":[{"href":"https:\/\/kaarinamusic.com\/index.php\/wp-json\/wp\/v2\/pages"}],"about":[{"href":"https:\/\/kaarinamusic.com\/index.php\/wp-json\/wp\/v2\/types\/page"}],"author":[{"embeddable":true,"href":"https:\/\/kaarinamusic.com\/index.php\/wp-json\/wp\/v2\/users\/2"}],"replies":[{"embeddable":true,"href":"https:\/\/kaarinamusic.com\/index.php\/wp-json\/wp\/v2\/comments?post=55"}],"version-history":[{"count":9,"href":"https:\/\/kaarinamusic.com\/index.php\/wp-json\/wp\/v2\/pages\/55\/revisions"}],"predecessor-version":[{"id":569,"href":"https:\/\/kaarinamusic.com\/index.php\/wp-json\/wp\/v2\/pages\/55\/revisions\/569"}],"up":[{"embeddable":true,"href":"https:\/\/kaarinamusic.com\/index.php\/wp-json\/wp\/v2\/pages\/31"}],"wp:attachment":[{"href":"https:\/\/kaarinamusic.com\/index.php\/wp-json\/wp\/v2\/media?parent=55"}],"curies":[{"name":"wp","href":"https:\/\/api.w.org\/{rel}","templated":true}]}}